{"id":7075,"date":"2024-02-06T10:52:03","date_gmt":"2024-02-06T09:52:03","guid":{"rendered":"https:\/\/www.leitner-kraus.de\/?post_type=product&#038;p=7075"},"modified":"2025-03-19T11:37:02","modified_gmt":"2025-03-19T10:37:02","slug":"ton-kooiman-maestro-2","status":"publish","type":"product","link":"https:\/\/leitner-kraus.de\/en\/shop\/ton-kooiman-maestro-2\/","title":{"rendered":"Ton Kooiman Maestro 2"},"content":{"rendered":"<div class=\"flex flex-grow flex-col max-w-full\">\n<div class=\"min-h-[20px] text-message flex flex-col items-start gap-3 whitespace-pre-wrap break-words [.text-message+&amp;]:mt-5 overflow-x-auto\" data-message-author-role=\"assistant\" data-message-id=\"b7fa0c3b-6d56-476e-a844-eaffebca97bb\">\n<div class=\"markdown prose w-full break-words dark:prose-invert dark\">\n<h4>Ton Kooiman Maestro 2 &#8211; Die ultimative professionelle Daumenst\u00fctze f\u00fcr Klarinette<\/h4>\n<p>Die Maestro Daumenst\u00fctze setzt den Ma\u00dfstab f\u00fcr individuelle Anpassung und h\u00f6chste Anspr\u00fcche an die Handhaltung beim Musizieren. Sie passt sich perfekt an die individuelle Anatomie jeder Musikerhand an und erm\u00f6glicht eine optimale Spielposition.<\/p>\n<p>Durch ihre vielf\u00e4ltigen Einstellungsm\u00f6glichkeiten kann die Daumenst\u00fctze direkt und positiv auf die Bewegungsfreiheit der Hand einwirken, insbesondere auf den Ring- und kleinen Finger.<\/p>\n<p>Hervorragende Qualit\u00e4t ist ein Markenzeichen der Maestro Daumenst\u00fctze. Sie besteht aus hochwertigen Metallteilen und ist f\u00fcr eine lebenslange Nutzung ausgelegt.<\/p>\n<p>Die gepolsterte Daumenplatte l\u00e4sst sich dank der vollst\u00e4ndigen Verstellbarkeit durch zwei Kugelgelenke und ein Scharniergelenk individuell anpassen und optimieren.<\/p>\n<p>Einmal installiert und eingestellt, bedarf die Daumenst\u00fctze keiner weiteren Anpassungen.<\/p>\n<p>Zus\u00e4tzlich werden zwei solide Metallmontageschlitten mitgeliefert, um die Daumenst\u00fctze einfach an mehreren Instrumenten verwenden zu k\u00f6nnen.<\/p>\n<p>Die ergonomische Gestaltung basiert auf einem hohlen Geh\u00e4use, das von rechts nach links eingestellt werden kann, um die Handhaltung zu verbessern. Die H\u00f6he ist ebenfalls auf dem Montageschlitten einstellbar. So wird eine komfortable Positionierung des Daumens erreicht, was das Tragen des Instruments erleichtert und das Erreichen der unteren Tasten vereinfacht.<\/p>\n<p>Die Anpassungsf\u00e4higkeit der Daumenst\u00fctze erm\u00f6glicht eine aktive Tragehaltung, anstatt &#8220;in den Sehnen zu h\u00e4ngen&#8221;.<\/p>\n<p>Ja, es ist m\u00f6glich, einen Tragegurt an der Maestro Daumenst\u00fctze zu befestigen. Die Befestigung erfolgt einfach am linken Kugelgelenkarm, wodurch die robuste Konstruktion der Daumenst\u00fctze Ihr Instrument optimal unterst\u00fctzt. Beachten Sie jedoch, dass dies f\u00fcr die Oboe aufgrund der h\u00f6heren Position der Daumenst\u00fctze nicht zutrifft.<\/p>\n<\/div>\n<\/div>\n<\/div>\n<p>&nbsp;<\/p>\n<p>Finden sie hier <a href=\"https:\/\/leitner-kraus.de\/shop\/tragegurt-fuer-klarinette-elastic\/\">Tragegurte.<\/a><\/p>\n<p>&nbsp;<\/p>\n<h5>Der Preis ist ohne Montage.<\/h5>\n<p>&nbsp;<\/p>\n<p>Auf Wunsch k\u00f6nnen wir ihnen den Daumenhalter auf ihrer Klarinette installieren.<\/p>\n<div class=\"flex flex-grow flex-col max-w-full\">\n<div class=\"min-h-[20px] text-message flex flex-col items-start gap-3 whitespace-pre-wrap break-words [.text-message+&amp;]:mt-5 overflow-x-auto\" data-message-author-role=\"assistant\" data-message-id=\"00a304b8-6db1-4da4-b1ba-a513579ee558\">\n<div class=\"markdown prose w-full break-words dark:prose-invert dark\">\n<div class=\"flex flex-grow flex-col max-w-full\">\n<div class=\"min-h-[20px] text-message flex flex-col items-start gap-3 whitespace-pre-wrap break-words [.text-message+&amp;]:mt-5 overflow-x-auto\" data-message-author-role=\"assistant\" data-message-id=\"c5bfb6b7-3184-491d-8741-baa7b31dab82\">\n<div class=\"markdown prose w-full break-words dark:prose-invert dark\">\n<p>Garantie:<\/p>\n<p>Die Firma Kooiman in Holland gew\u00e4hrt auf die Modelle Maestro und Oehler eine Garantie von einem Jahr. Es ist jedoch zu beachten, dass bei besch\u00e4digten Schraubengewinden kein Garantieanspruch besteht. In der Regel erfolgt die Regulierung durch Kooiman auf Kulanzbasis.<\/p>\n<p>Im Schadenfall ist Folgendes zu beachten:<\/p>\n<p>Es ist wichtig, den Schaden mit einem Foto zu dokumentieren und uns eine E-Mail mit einer Beschreibung des Schadens zukommen zu lassen. Wir leiten dann alle relevanten Informationen an Kooiman weiter.<\/p>\n<\/div>\n<\/div>\n<\/div>\n<\/div>\n<\/div>\n<\/div>\n<p>&nbsp;<\/p>\n","protected":false},"excerpt":{"rendered":"<p>Ton Kooiman Maestro 2<\/p>\n","protected":false},"featured_media":7080,"comment_status":"open","ping_status":"closed","template":"","meta":{"site-sidebar-layout":"default","site-content-layout":"","ast-site-content-layout":"default","site-content-style":"default","site-sidebar-style":"default","ast-global-header-display":"","ast-banner-title-visibility":"","ast-main-header-display":"","ast-hfb-above-header-display":"","ast-hfb-below-header-display":"","ast-hfb-mobile-header-display":"","site-post-title":"","ast-breadcrumbs-content":"","ast-featured-img":"","footer-sml-layout":"","ast-disable-related-posts":"","theme-transparent-header-meta":"default","adv-header-id-meta":"","stick-header-meta":"default","header-above-stick-meta":"","header-main-stick-meta":"","header-below-stick-meta":"","astra-migrate-meta-layouts":"set","ast-page-background-enabled":"default","ast-page-background-meta":{"desktop":{"background-color":"","background-image":"","background-repeat":"repeat","background-position":"center center","background-size":"auto","background-attachment":"scroll","background-type":"","background-media":"","overlay-type":"","overlay-color":"","overlay-opacity":"","overlay-gradient":""},"tablet":{"background-color":"","background-image":"","background-repeat":"repeat","background-position":"center center","background-size":"auto","background-attachment":"scroll","background-type":"","background-media":"","overlay-type":"","overlay-color":"","overlay-opacity":"","overlay-gradient":""},"mobile":{"background-color":"","background-image":"","background-repeat":"repeat","background-position":"center center","background-size":"auto","background-attachment":"scroll","background-type":"","background-media":"","overlay-type":"","overlay-color":"","overlay-opacity":"","overlay-gradient":""}},"ast-content-background-meta":{"desktop":{"background-color":"var(--ast-global-color-5)","background-image":"","background-repeat":"repeat","background-position":"center center","background-size":"auto","background-attachment":"scroll","background-type":"","background-media":"","overlay-type":"","overlay-color":"","overlay-opacity":"","overlay-gradient":""},"tablet":{"background-color":"var(--ast-global-color-5)","background-image":"","background-repeat":"repeat","background-position":"center center","background-size":"auto","background-attachment":"scroll","background-type":"","background-media":"","overlay-type":"","overlay-color":"","overlay-opacity":"","overlay-gradient":""},"mobile":{"background-color":"var(--ast-global-color-5)","background-image":"","background-repeat":"repeat","background-position":"center center","background-size":"auto","background-attachment":"scroll","background-type":"","background-media":"","overlay-type":"","overlay-color":"","overlay-opacity":"","overlay-gradient":""}}},"product_brand":[],"product_cat":[45],"product_tag":[],"class_list":{"0":"post-7075","1":"product","2":"type-product","3":"status-publish","4":"has-post-thumbnail","6":"product_cat-zubehoer","8":"first","9":"instock","10":"sale","11":"taxable","12":"shipping-taxable","13":"purchasable","14":"product-type-simple"},"_links":{"self":[{"href":"https:\/\/leitner-kraus.de\/en\/wp-json\/wp\/v2\/product\/7075","targetHints":{"allow":["GET"]}}],"collection":[{"href":"https:\/\/leitner-kraus.de\/en\/wp-json\/wp\/v2\/product"}],"about":[{"href":"https:\/\/leitner-kraus.de\/en\/wp-json\/wp\/v2\/types\/product"}],"replies":[{"embeddable":true,"href":"https:\/\/leitner-kraus.de\/en\/wp-json\/wp\/v2\/comments?post=7075"}],"wp:featuredmedia":[{"embeddable":true,"href":"https:\/\/leitner-kraus.de\/en\/wp-json\/wp\/v2\/media\/7080"}],"wp:attachment":[{"href":"https:\/\/leitner-kraus.de\/en\/wp-json\/wp\/v2\/media?parent=7075"}],"wp:term":[{"taxonomy":"product_brand","embeddable":true,"href":"https:\/\/leitner-kraus.de\/en\/wp-json\/wp\/v2\/product_brand?post=7075"},{"taxonomy":"product_cat","embeddable":true,"href":"https:\/\/leitner-kraus.de\/en\/wp-json\/wp\/v2\/product_cat?post=7075"},{"taxonomy":"product_tag","embeddable":true,"href":"https:\/\/leitner-kraus.de\/en\/wp-json\/wp\/v2\/product_tag?post=7075"}],"curies":[{"name":"wp","href":"https:\/\/api.w.org\/{rel}","templated":true}]}}