{"id":4502,"date":"2021-10-25T14:59:45","date_gmt":"2021-10-25T13:59:45","guid":{"rendered":"https:\/\/www.leitner-kraus.de\/masthead\/"},"modified":"2023-12-15T18:01:58","modified_gmt":"2023-12-15T17:01:58","slug":"masthead","status":"publish","type":"page","link":"https:\/\/leitner-kraus.de\/en\/masthead\/","title":{"rendered":"Masthead"},"content":{"rendered":"\t\t<div data-elementor-type=\"wp-page\" data-elementor-id=\"4502\" class=\"elementor elementor-4502 elementor-2959\" data-elementor-post-type=\"page\">\n\t\t\t\t\t\t<section class=\"elementor-section elementor-top-section elementor-element elementor-element-5d63a4e elementor-section-boxed elementor-section-height-default elementor-section-height-default\" data-id=\"5d63a4e\" data-element_type=\"section\" data-e-type=\"section\">\n\t\t\t\t\t\t<div class=\"elementor-container elementor-column-gap-default\">\n\t\t\t\t\t<div class=\"elementor-column elementor-col-100 elementor-top-column elementor-element elementor-element-da8d656\" data-id=\"da8d656\" data-element_type=\"column\" data-e-type=\"column\">\n\t\t\t<div class=\"elementor-widget-wrap elementor-element-populated\">\n\t\t\t\t\t\t<div class=\"elementor-element elementor-element-525956f elementor-widget elementor-widget-text-editor\" data-id=\"525956f\" data-element_type=\"widget\" data-e-type=\"widget\" data-widget_type=\"text-editor.default\">\n\t\t\t\t<div class=\"elementor-widget-container\">\n\t\t\t\t\t\t\t\t\t<section class=\"elementor-section elementor-top-section elementor-element elementor-element-22be8268 elementor-section-boxed elementor-section-height-default elementor-section-height-default\" data-id=\"22be8268\" data-element_type=\"section\"><div class=\"elementor-container elementor-column-gap-default\"><div class=\"elementor-row\"><div class=\"elementor-column elementor-col-100 elementor-top-column elementor-element elementor-element-63a805a7\" data-id=\"63a805a7\" data-element_type=\"column\"><div class=\"elementor-column-wrap elementor-element-populated\"><div class=\"elementor-widget-wrap\"><div class=\"elementor-element elementor-element-29111984 elementor-widget elementor-widget-text-editor\" data-id=\"29111984\" data-element_type=\"widget\" data-widget_type=\"text-editor.default\"><div class=\"elementor-widget-container\"><div class=\"elementor-text-editor elementor-clearfix\"><div class=\"vc_row wpb_row vc_row-fluid\"><div class=\"wpb_column vc_column_container vc_col-sm-12\"><div class=\"vc_column-inner \"><div class=\"wpb_wrapper\"><div class=\"wpb_text_column wpb_content_element \"><div class=\"wpb_wrapper\"><h2>Masthead<\/h2><h3>Company Leitner &amp; Kraus GmbH<\/h3><p>Meisterwerkst\u00e4tte f\u00fcr Klarinetten<br \/>Leitner &amp; Kraus GmbH<br \/>Robert-Bosch-Stra\u00dfe 16<br \/>91413 Neustadt an der Aisch<br \/>Phone +49 (0) 9161\/3708<br \/>Fax +49 (0) 9161\/87 37 90<br \/>info@leitner-kraus.de<br \/><a href=\"https:\/\/leitner-kraus.de\/\">www.leitner-kraus.de<\/a><\/p><p>Registergericht F\u00fcrth\/Bay. HRB 6900<br \/>Managing Director: Jochen Leitner \/ Andreas Kraus<br \/>Steuer Nr. 183 \/ 37516<br \/>Ust. Id. Nr. DE 193 509 060<\/p><p>Photos by <a href=\"https:\/\/www.marikracreative.de\/\">Marina Kraus<\/a><br \/>Webdesign: Rankeffect ; Andreas Kraus<br \/>\u00a9 Copyright 2022 by Leitner &amp; Kraus, Neustadt\/Aisch<br \/>All rights reserved<\/p><\/div><\/div><\/div><\/div><\/div><\/div><div id=\"block-yui_3_17_2_1_1611139625322_5636\" class=\"sqs-block html-block sqs-block-html\" data-block-type=\"2\"><div class=\"sqs-block-content\"><h3 class=\"preScale scaleIn\">Disclaimer<\/h3><p class=\"sqsrte-small preFade fadeIn\"><strong>Liability for content Our site<\/strong><br \/>The contents of our pages were created with great care. For the correctness, completeness and timeliness of the contents, however, we can not guarantee. As a service provider, we are according to \u00a7 7 Abs.1 TMG responsible for own content on these pages according to the general laws. According to \u00a7\u00a7 8 to 10 TMG, however, we are not obliged as a service provider to monitor transmitted or stored external information or to research circumstances which indicate an unlawful activity. Valuations for removing or blocking the use of information according to the general laws untilged. However, liability is only possible from the date of knowledge of a concrete infringement. After notification of corresponding infringements, we will remove this content immediately.<\/p><p class=\"sqsrte-small preFade fadeIn\"><strong>Liability for links<\/strong><br \/>Our offer contains links to external websites of third parties, on the content of which we have no influence. Therefore, we can not guarantee no guarantee for these foreign content. For the contents of the linked pages, the respective provider or operator of the pages is always responsible. The linked pages were checked for possible legal violations at the time of linking. Unlawful content was not recognizable at the time of linking. However, a permanent content control of the linked pages is not reasonable without concrete indications of a violation. With the disclosure of infringements, we will remove such links immediately.<\/p><p class=\"sqsrte-small preFade fadeIn\"><strong>Copyright<\/strong><br \/>The content and works created by the site operators and works on these pages are subject to German copyright law. The duplication, processing, dissemination and any type of recovery outside the limits of copyright requires the written consent of the respective author or creator. Downloads and copies of this site are only permitted for private, non-commercial use. As far as the contents on this page were not created by the operator, the copyrights of third parties are observed. Especially contents of third parties are marked as such. If you are still aware of a copyright infringement, we ask for a corresponding note. With the disclosure of infringements, we will remove such content immediately.<\/p><p><strong>SEO &amp; Design by:<\/strong><br \/>rankeffect GmbH<br \/>Tel.: 089 \/ 6666 222 1<br \/>Web: <a class=\"external free\" href=\"https:\/\/www.rankeffect.de\/\" target=\"_blank\" rel=\"nofollow noreferrer noopener\">https:\/\/www.rankeffect.de<\/a><\/p><\/div><\/div><div id=\"block-yui_3_17_2_1_1614030522483_5412\" class=\"sqs-block horizontalrule-block sqs-block-horizontalrule\" data-block-type=\"47\"><div class=\"sqs-block-content\"><hr \/><\/div><\/div><div id=\"block-yui_3_17_2_1_1614030522483_5836\" class=\"sqs-block html-block sqs-block-html\" data-block-type=\"2\"><div class=\"sqs-block-content\"><p class=\"sqsrte-small preFade fadeIn\">\u00a0<\/p><\/div><\/div><\/div><\/div><\/div><\/div><\/div><\/div><\/div><\/div><\/section>\t\t\t\t\t\t\t\t<\/div>\n\t\t\t\t<\/div>\n\t\t\t\t\t<\/div>\n\t\t<\/div>\n\t\t\t\t\t<\/div>\n\t\t<\/section>\n\t\t\t\t<section class=\"elementor-section elementor-top-section elementor-element elementor-element-1b965d9c elementor-section-boxed elementor-section-height-default elementor-section-height-default\" data-id=\"1b965d9c\" data-element_type=\"section\" data-e-type=\"section\">\n\t\t\t\t\t\t<div class=\"elementor-container elementor-column-gap-default\">\n\t\t\t\t\t<div class=\"elementor-column elementor-col-100 elementor-top-column elementor-element elementor-element-d7f735c\" data-id=\"d7f735c\" data-element_type=\"column\" data-e-type=\"column\">\n\t\t\t<div class=\"elementor-widget-wrap elementor-element-populated\">\n\t\t\t\t\t\t<div class=\"elementor-element elementor-element-23f10540 elementor-widget elementor-widget-shortcode\" data-id=\"23f10540\" data-element_type=\"widget\" data-e-type=\"widget\" data-widget_type=\"shortcode.default\">\n\t\t\t\t<div class=\"elementor-widget-container\">\n\t\t\t\t\t\t\t<div class=\"elementor-shortcode\"><div class=\"woocommerce woocommerce-gzd woocommerce-gzd-complaints-shortcode\">\n\t\t\t<h3>Alternative Dispute Resolution in accordance with Art. 14 (1) ODR-VO and \u00a7 36 VSBG:<\/h3>\n\t\nZur Teilnahme an einem Streitbeilegungsverfahren vor einer Verbraucherschlichtungsstelle sind wir nicht verpflichtet und nicht bereit.<\/div><\/div>\n\t\t\t\t\t\t<\/div>\n\t\t\t\t<\/div>\n\t\t\t\t\t<\/div>\n\t\t<\/div>\n\t\t\t\t\t<\/div>\n\t\t<\/section>\n\t\t\t\t<\/div>\n\t\t","protected":false},"excerpt":{"rendered":"<p>Masthead Company Leitner &amp; Kraus GmbH Meisterwerkst\u00e4tte f\u00fcr KlarinettenLeitner &amp; Kraus GmbHRobert-Bosch-Stra\u00dfe 1691413 Neustadt an der AischPhone +49 (0) 9161\/3708Fax +49 (0) 9161\/87 37 90info@leitner-kraus.dewww.leitner-kraus.de Registergericht F\u00fcrth\/Bay. HRB 6900Managing Director: Jochen Leitner \/ Andreas KrausSteuer Nr. 183 \/ 37516Ust. Id. Nr. DE 193 509 060 Photos by Marina KrausWebdesign: Rankeffect ; Andreas Kraus\u00a9 Copyright 2022 [&hellip;]<\/p>\n","protected":false},"author":1,"featured_media":0,"parent":0,"menu_order":0,"comment_status":"closed","ping_status":"closed","template":"","meta":{"site-sidebar-layout":"default","site-content-layout":"","ast-site-content-layout":"default","site-content-style":"default","site-sidebar-style":"default","ast-global-header-display":"","ast-banner-title-visibility":"","ast-main-header-display":"","ast-hfb-above-header-display":"","ast-hfb-below-header-display":"","ast-hfb-mobile-header-display":"","site-post-title":"","ast-breadcrumbs-content":"","ast-featured-img":"","footer-sml-layout":"","ast-disable-related-posts":"","theme-transparent-header-meta":"","adv-header-id-meta":"","stick-header-meta":"","header-above-stick-meta":"","header-main-stick-meta":"","header-below-stick-meta":"","astra-migrate-meta-layouts":"default","ast-page-background-enabled":"default","ast-page-background-meta":{"desktop":{"background-color":"","background-image":"","background-repeat":"repeat","background-position":"center center","background-size":"auto","background-attachment":"scroll","background-type":"","background-media":"","overlay-type":"","overlay-color":"","overlay-opacity":"","overlay-gradient":""},"tablet":{"background-color":"","background-image":"","background-repeat":"repeat","background-position":"center center","background-size":"auto","background-attachment":"scroll","background-type":"","background-media":"","overlay-type":"","overlay-color":"","overlay-opacity":"","overlay-gradient":""},"mobile":{"background-color":"","background-image":"","background-repeat":"repeat","background-position":"center center","background-size":"auto","background-attachment":"scroll","background-type":"","background-media":"","overlay-type":"","overlay-color":"","overlay-opacity":"","overlay-gradient":""}},"ast-content-background-meta":{"desktop":{"background-color":"var(--ast-global-color-5)","background-image":"","background-repeat":"repeat","background-position":"center center","background-size":"auto","background-attachment":"scroll","background-type":"","background-media":"","overlay-type":"","overlay-color":"","overlay-opacity":"","overlay-gradient":""},"tablet":{"background-color":"var(--ast-global-color-5)","background-image":"","background-repeat":"repeat","background-position":"center center","background-size":"auto","background-attachment":"scroll","background-type":"","background-media":"","overlay-type":"","overlay-color":"","overlay-opacity":"","overlay-gradient":""},"mobile":{"background-color":"var(--ast-global-color-5)","background-image":"","background-repeat":"repeat","background-position":"center center","background-size":"auto","background-attachment":"scroll","background-type":"","background-media":"","overlay-type":"","overlay-color":"","overlay-opacity":"","overlay-gradient":""}},"footnotes":""},"class_list":["post-4502","page","type-page","status-publish","hentry"],"_links":{"self":[{"href":"https:\/\/leitner-kraus.de\/en\/wp-json\/wp\/v2\/pages\/4502","targetHints":{"allow":["GET"]}}],"collection":[{"href":"https:\/\/leitner-kraus.de\/en\/wp-json\/wp\/v2\/pages"}],"about":[{"href":"https:\/\/leitner-kraus.de\/en\/wp-json\/wp\/v2\/types\/page"}],"author":[{"embeddable":true,"href":"https:\/\/leitner-kraus.de\/en\/wp-json\/wp\/v2\/users\/1"}],"replies":[{"embeddable":true,"href":"https:\/\/leitner-kraus.de\/en\/wp-json\/wp\/v2\/comments?post=4502"}],"version-history":[{"count":3,"href":"https:\/\/leitner-kraus.de\/en\/wp-json\/wp\/v2\/pages\/4502\/revisions"}],"predecessor-version":[{"id":6535,"href":"https:\/\/leitner-kraus.de\/en\/wp-json\/wp\/v2\/pages\/4502\/revisions\/6535"}],"wp:attachment":[{"href":"https:\/\/leitner-kraus.de\/en\/wp-json\/wp\/v2\/media?parent=4502"}],"curies":[{"name":"wp","href":"https:\/\/api.w.org\/{rel}","templated":true}]}}